{"id":189,"date":"2024-11-22T20:56:07","date_gmt":"2024-11-22T20:56:07","guid":{"rendered":"https:\/\/trivelasportsmanagement.com\/alice-page-site-settings\/"},"modified":"2025-11-10T15:58:44","modified_gmt":"2025-11-10T15:58:44","slug":"alice-page-site-settings","status":"publish","type":"page","link":"https:\/\/trivelasportsmanagement.com\/fr\/","title":{"rendered":"ALICE: Page + Site Settings"},"content":{"rendered":"<p>ACCOMPAGNEZ DES HOMMES<\/p>\n<p>Des servicesvari\u00e9sL&rsquo;agence accompagne les joueurs mais surtout les hommes<\/p>\n<p>De belleshistoiresL&rsquo;agence accompagne de nombreux jeunes souhaitant r\u00e9aliser leur r\u00eave<\/p>\n<p>Les hommesavant toutL&rsquo;agence accompagne les joueurs dans diff\u00e9rents projets tels que les \u00e9tudes.<\/p>\n<p>Qui sommes nous?<br \/>\nAccompagner des joueurs mais surtout des hommes<br \/>\nFond\u00e9e en 2017 par Isma\u00efll Mouline, agent licenci\u00e9 FFF &amp; FIFA et titulaire d&rsquo;un Master en Finance de l&rsquo;Universit\u00e9 Paris-Dauphine et d&rsquo;un Msc en Management &amp; Sport Business de l&rsquo;Essec Business School, Trivela Sports Management est une agence de gestion de carri\u00e8re d\u00e9di\u00e9e aux joueurs de football de haut niveau. <\/p>\n<p>Nos Services<br \/>\nNotre mission est de maximiser le potentiel de chaque athl\u00e8te dans chaque \u00e9tape de sa carri\u00e8re. Pour ce faire, Trivela offre une gamme de services 360\u00b0:<\/p>\n<p>Gestion des contrats<\/p>\n<p>Gestion de l&rsquo;image<\/p>\n<p>Gestion du patrimoine &#8211; statut CIF<\/p>\n<p>Gestion de la fiscalit\u00e9<\/p>\n<p>Analyse vid\u00e9o<\/p>\n<p>Consultations m\u00e9dicales<\/p>\n<p>Conciergerie<\/p>\n<p>CONSEILS JURIDIQUES<\/p>\n<p>De belles histoires\t\t\t\t\t\t\t\t<\/p>\n<p><img loading=\"lazy\" decoding=\"async\" width=\"1200\" height=\"1200\" src=\"https:\/\/trivelasportsmanagement.com\/wp-content\/uploads\/2024\/11\/Aguerd_Nayef.jpg\" \/>\t\t\t\t<\/p>\n<p>Trivela Sports Management a eu l\u2019honneur d\u2019accompagner Nayef Aguerd tout au long de son parcours remarquable, depuis ses d\u00e9buts au FUS de Rabat jusqu\u2019\u00e0 son transfert vers West Ham, en passant par ses exp\u00e9riences enrichissantes \u00e0 Dijon et au Stade Rennais. Ce partenariat, fond\u00e9 sur la confiance mutuelle et une communication transparente, a permis de b\u00e2tir une relation solide et respectueuse des ambitions de Nayef.Gr\u00e2ce \u00e0 notre engagement constant et \u00e0 une strat\u00e9gie soigneusement \u00e9labor\u00e9e, nous avons travaill\u00e9 en \u00e9troite collaboration pour que chaque \u00e9tape de sa carri\u00e8re refl\u00e8te son potentiel et ses aspirations. Voir Nayef \u00e9voluer au plus haut niveau du football mondial est une source de fiert\u00e9 pour nous et t\u00e9moigne de l\u2019importance d\u2019un accompagnement personnalis\u00e9, attentif et adapt\u00e9 aux besoins de chaque joueur.<\/p>\n<p><!-- \/row --><\/p>\n<p>Ils nous font confiance<\/p>\n<p><a href=\"\"><\/p>\n<p><img decoding=\"async\" src=\"https:\/\/trivelasportsmanagement.com\/wp-content\/uploads\/2025\/11\/Mohamed_Jaouab.jpg\" \/><\/p>\n<p>Mohamed Jaouab<br \/>\nReal Valladolid (Espagne)<\/p>\n<p><\/a><br \/>\n\t\t\t\t\t\tMohamed Jaouab<\/p>\n<p>D\u00e9fenseur<br \/>\n\t14 mai 2002<\/p>\n<p><a href=\"\"><\/p>\n<p><img decoding=\"async\" src=\"https:\/\/trivelasportsmanagement.com\/wp-content\/uploads\/2024\/11\/Yassir-Zabiri.jpg\" \/><\/p>\n<p>Yassir Zabiri<br \/>\nFC Famalicao (Portugal)<\/p>\n<p><\/a><br \/>\n\t\t\t\t\t\tYassir Zabiri<\/p>\n<p>Attaquant<br \/>\n\t23 f\u00e9vr. 2005<br \/>\n\tInternational marocain U20<\/p>\n<p><a href=\"\"><\/p>\n<p><img decoding=\"async\" src=\"https:\/\/trivelasportsmanagement.com\/wp-content\/uploads\/2025\/11\/Tawfik_Bentayeb.jpg\" \/><\/p>\n<p>Tawfik Bentayeb<br \/>\nTroyes (France)<\/p>\n<p><\/a><br \/>\n\t\t\t\t\t\tTawfik Bentayeb<\/p>\n<p>Attaquant<br \/>\n\t4 janv. 2002<\/p>\n<p><a href=\"\"><\/p>\n<p><img decoding=\"async\" src=\"https:\/\/trivelasportsmanagement.com\/wp-content\/uploads\/2025\/03\/Dao-Anderletch.jpg\" \/><\/p>\n<p>Elyess Dao<br \/>\nRSC Anderlecht (Belgique)<\/p>\n<p><\/a><br \/>\n\t\t\t\t\t\tElyess Dao<\/p>\n<p>Attaquant<br \/>\n\t20 nov. 2006<\/p>\n<p><a href=\"\"><\/p>\n<p><img decoding=\"async\" src=\"https:\/\/trivelasportsmanagement.com\/wp-content\/uploads\/2025\/11\/Ait_Boudlal.jpg\" \/><\/p>\n<p>Abdelhamid Ait Boudlal<br \/>\nStade Rennais (France)<\/p>\n<p><\/a><br \/>\n\t\t\t\t\t\tAbdelhamid Ait Boudlal<\/p>\n<p>D\u00e9fenseur<br \/>\n\t16 avr. 2006<br \/>\n\tInternational Marocain<\/p>\n<p><a href=\"\"><\/p>\n<p><img decoding=\"async\" src=\"https:\/\/trivelasportsmanagement.com\/wp-content\/uploads\/2025\/11\/Abdelahed_Wahib.jpg\" \/><\/p>\n<p>Abdelhawed Wahib<br \/>\nValenciennes (France)<\/p>\n<p><\/a><br \/>\n\t\t\t\t\t\tAbdelhawed Wahib<\/p>\n<p>D\u00e9fenseur<br \/>\n\t27 janv. 2000<\/p>\n<p><a href=\"\"><\/p>\n<p><img decoding=\"async\" src=\"https:\/\/trivelasportsmanagement.com\/wp-content\/uploads\/2025\/11\/Yassine_Khalifi.jpg\" \/><\/p>\n<p>Yassine Khalifi<br \/>\n Sporting de Charleroi (Chareloi)<\/p>\n<p><\/a><br \/>\n\t\t\t\t\t\tYassine Khalifi<\/p>\n<p>Milieu de terrain<br \/>\n\t9 ao\u00fbt 2005<\/p>\n<p><a href=\"\"><\/p>\n<p><img decoding=\"async\" src=\"https:\/\/trivelasportsmanagement.com\/wp-content\/uploads\/2024\/12\/Essadak.jpg\" \/><\/p>\n<p>Hossam Essadak<br \/>\nUnion Touarga Sportif (Maroc)<\/p>\n<p><\/a><br \/>\n\t\t\t\t\t\tHossam Essadak<\/p>\n<p>Attaquant<br \/>\n\t30 juillet 2005<\/p>\n<p><a href=\"\"><\/p>\n<p><img decoding=\"async\" src=\"https:\/\/trivelasportsmanagement.com\/wp-content\/uploads\/2024\/11\/JeanGrillot.jpg\" \/><\/p>\n<p>Jean Grillot<br \/>\nBordeaux (France)<\/p>\n<p><\/a><br \/>\n\t\t\t\t\t\tJean Grillot<\/p>\n<p>Milieu de terrain<br \/>\n\t20 nov. 2005<\/p>\n<p><a href=\"\"><\/p>\n<p><img decoding=\"async\" src=\"https:\/\/trivelasportsmanagement.com\/wp-content\/uploads\/2024\/11\/Koutoun.jpg\" \/><\/p>\n<p>Hamza Koutoune<br \/>\nAcad\u00e9mie Mohammed VI (Maroc)<\/p>\n<p><\/a><br \/>\n\t\t\t\t\t\tHamza Koutoune<\/p>\n<p>D\u00e9fenseur<br \/>\n\t17 sept. 2006<\/p>\n<p><a href=\"\"><\/p>\n<p><img decoding=\"async\" src=\"https:\/\/trivelasportsmanagement.com\/wp-content\/uploads\/2024\/12\/Habri.jpg\" \/><\/p>\n<p>Issa Habri<br \/>\nStade Rennais (France)<\/p>\n<p><\/a><br \/>\n\t\t\t\t\t\tIssa Habri<\/p>\n<p>D\u00e9fenseur<br \/>\n\t6 janv. 2006<\/p>\n<p><a href=\"\"><\/p>\n<p><img decoding=\"async\" src=\"https:\/\/trivelasportsmanagement.com\/wp-content\/uploads\/2024\/12\/Lepage.jpg\" \/><\/p>\n<p>No\u00e9 Le Page<br \/>\nStade Rennais (France)<\/p>\n<p><\/a><br \/>\n\t\t\t\t\t\tNo\u00e9 Le Page<\/p>\n<p>Gardien de But<br \/>\n\t28 oct. 2008<\/p>\n<p><a href=\"\"><\/p>\n<p><img decoding=\"async\" src=\"https:\/\/trivelasportsmanagement.com\/wp-content\/uploads\/2024\/12\/essahel.jpg\" \/><\/p>\n<p>Mohamed Amine Essahel<br \/>\nUnion Sport Touarga (Maroc)<\/p>\n<p><\/a><br \/>\n\t\t\t\t\t\tMohamed Amine Essahel<\/p>\n<p>Milieu de terrain<br \/>\n\t17 fev. 2003<\/p>\n<p><a href=\"\"><\/p>\n<p><img decoding=\"async\" src=\"https:\/\/trivelasportsmanagement.com\/wp-content\/uploads\/2024\/12\/Yacine.jpg\" \/><\/p>\n<p>Yacine Ahjaou<br \/>\nStade Briochin (France)<\/p>\n<p><\/a><br \/>\n\t\t\t\t\t\tYacine Ahjaou<\/p>\n<p>Milieu de terrain<br \/>\n\t28 oct. 2004<\/p>\n<p>Contactez-nous<br \/>\ncontact@trivelasportsmanagement.com<\/p>\n","protected":false},"excerpt":{"rendered":"<p class=\"excerpt\">ACCOMPAGNEZ DES HOMMES Des servicesvari\u00e9sL&rsquo;agence accompagne les joueurs mais surtout les hommes De belleshistoiresL&rsquo;agence accompagne de nombreux jeunes souhaitant r\u00e9aliser leur r\u00eave Les hommesavant toutL&rsquo;agence accompagne les joueurs dans diff\u00e9rents projets tels que les \u00e9tudes. Qui sommes nous? Accompagner des joueurs mais surtout des hommes Fond\u00e9e en 2017 par Isma\u00efll Mouline, agent licenci\u00e9 FFF &amp; [&hellip;]<\/p>\n","protected":false},"author":1,"featured_media":0,"parent":0,"menu_order":0,"comment_status":"closed","ping_status":"closed","template":"builder.php","meta":{"footnotes":""},"class_list":["post-189","page","type-page","status-publish","hentry"],"_links":{"self":[{"href":"https:\/\/trivelasportsmanagement.com\/fr\/wp-json\/wp\/v2\/pages\/189","targetHints":{"allow":["GET"]}}],"collection":[{"href":"https:\/\/trivelasportsmanagement.com\/fr\/wp-json\/wp\/v2\/pages"}],"about":[{"href":"https:\/\/trivelasportsmanagement.com\/fr\/wp-json\/wp\/v2\/types\/page"}],"author":[{"embeddable":true,"href":"https:\/\/trivelasportsmanagement.com\/fr\/wp-json\/wp\/v2\/users\/1"}],"replies":[{"embeddable":true,"href":"https:\/\/trivelasportsmanagement.com\/fr\/wp-json\/wp\/v2\/comments?post=189"}],"version-history":[{"count":94,"href":"https:\/\/trivelasportsmanagement.com\/fr\/wp-json\/wp\/v2\/pages\/189\/revisions"}],"predecessor-version":[{"id":454,"href":"https:\/\/trivelasportsmanagement.com\/fr\/wp-json\/wp\/v2\/pages\/189\/revisions\/454"}],"wp:attachment":[{"href":"https:\/\/trivelasportsmanagement.com\/fr\/wp-json\/wp\/v2\/media?parent=189"}],"curies":[{"name":"wp","href":"https:\/\/api.w.org\/{rel}","templated":true}]}}