{"id":189,"date":"2024-11-22T20:56:07","date_gmt":"2024-11-22T20:56:07","guid":{"rendered":"https:\/\/trivelasportsmanagement.com\/alice-page-site-settings\/"},"modified":"2025-11-10T15:58:44","modified_gmt":"2025-11-10T15:58:44","slug":"alice-page-site-settings","status":"publish","type":"page","link":"https:\/\/trivelasportsmanagement.com\/en\/","title":{"rendered":"ALICE: Page + Site Settings"},"content":{"rendered":"<p>ACCOMPAGNEZ DES HOMMES<\/p>\n<p>Des servicesvari\u00e9sL&rsquo;agence accompagne les joueurs mais surtout les hommes<\/p>\n<p>De belleshistoiresL&rsquo;agence accompagne de nombreux jeunes souhaitant r\u00e9aliser leur r\u00eave<\/p>\n<p>Les hommesavant toutL&rsquo;agence accompagne les joueurs dans diff\u00e9rents projets tels que les \u00e9tudes.<\/p>\n<p>Who are we?<br \/>\nThe agency works with players, but above all, it prioritizes individuals.<br \/>\nFounded in 2017 by Isma\u00efll Mouline, a licensed FFF &amp; FIFA agent with a Master's in Finance from Paris-Dauphine University and an MSc in Management &amp; Sport Business from Essec Business School, Trivela Sports Management is a career management agency dedicated to high-level football players. <\/p>\n<p>Nos Services<br \/>\nOur mission is to unlock the full potential of each athlete at every stage of their career. To accomplish this, Trivela provides a comprehensive range of 360\u00b0 services:<\/p>\n<p>Contract management<\/p>\n<p>Image management<\/p>\n<p>Wealth management \u2013 CIF status<\/p>\n<p>Tax management<\/p>\n<p>Video analysis<\/p>\n<p>Healthcare consultations<\/p>\n<p>Concierge service<\/p>\n<p>Legal counsel<\/p>\n<p>Beautiful stories\t\t\t\t\t\t\t\t<\/p>\n<p><img loading=\"lazy\" decoding=\"async\" width=\"1200\" height=\"1200\" src=\"https:\/\/trivelasportsmanagement.com\/wp-content\/uploads\/2024\/11\/Aguerd_Nayef.jpg\" \/>\t\t\t\t<\/p>\n<p>Trivela Sports Management a eu l\u2019honneur d\u2019accompagner Nayef Aguerd tout au long de son parcours remarquable, depuis ses d\u00e9buts au FUS de Rabat jusqu\u2019\u00e0 son transfert vers West Ham, en passant par ses exp\u00e9riences enrichissantes \u00e0 Dijon et au Stade Rennais. Ce partenariat, fond\u00e9 sur la confiance mutuelle et une communication transparente, a permis de b\u00e2tir une relation solide et respectueuse des ambitions de Nayef.Gr\u00e2ce \u00e0 notre engagement constant et \u00e0 une strat\u00e9gie soigneusement \u00e9labor\u00e9e, nous avons travaill\u00e9 en \u00e9troite collaboration pour que chaque \u00e9tape de sa carri\u00e8re refl\u00e8te son potentiel et ses aspirations. Voir Nayef \u00e9voluer au plus haut niveau du football mondial est une source de fiert\u00e9 pour nous et t\u00e9moigne de l\u2019importance d\u2019un accompagnement personnalis\u00e9, attentif et adapt\u00e9 aux besoins de chaque joueur.<\/p>\n<p><!-- \/row --><\/p>\n<p>They trust us<\/p>\n<p><a href=\"\"><\/p>\n<p><img decoding=\"async\" src=\"https:\/\/trivelasportsmanagement.com\/wp-content\/uploads\/2025\/11\/Mohamed_Jaouab.jpg\" \/><\/p>\n<p>Mohamed Jaouab<br \/>\nReal Valladolid (Espagne)<\/p>\n<p><\/a><br \/>\n\t\t\t\t\t\tMohamed Jaouab<\/p>\n<p>Defender<br \/>\n\t14 mai 2002<\/p>\n<p><a href=\"\"><\/p>\n<p><img decoding=\"async\" src=\"https:\/\/trivelasportsmanagement.com\/wp-content\/uploads\/2024\/11\/Yassir-Zabiri.jpg\" \/><\/p>\n<p>Yassir Zabiri<br \/>\nFC Famalicao (Portugal)<\/p>\n<p><\/a><br \/>\n\t\t\t\t\t\tYassir Zabiri<\/p>\n<p>Forward<br \/>\n\t23 feb. 2005<br \/>\n\tMoroccan U20 international<\/p>\n<p><a href=\"\"><\/p>\n<p><img decoding=\"async\" src=\"https:\/\/trivelasportsmanagement.com\/wp-content\/uploads\/2025\/11\/Tawfik_Bentayeb.jpg\" \/><\/p>\n<p>Tawfik Bentayeb<br \/>\nTroyes (France)<\/p>\n<p><\/a><br \/>\n\t\t\t\t\t\tTawfik Bentayeb<\/p>\n<p>Forward<br \/>\n\t4 jan. 2002<\/p>\n<p><a href=\"\"><\/p>\n<p><img decoding=\"async\" src=\"https:\/\/trivelasportsmanagement.com\/wp-content\/uploads\/2025\/03\/Dao-Anderletch.jpg\" \/><\/p>\n<p>Elyess Dao<br \/>\nRSC Anderlecht (Belgium)<\/p>\n<p><\/a><br \/>\n\t\t\t\t\t\tElyess Dao<\/p>\n<p>Forward<br \/>\n\t20 nov. 2006<\/p>\n<p><a href=\"\"><\/p>\n<p><img decoding=\"async\" src=\"https:\/\/trivelasportsmanagement.com\/wp-content\/uploads\/2025\/11\/Ait_Boudlal.jpg\" \/><\/p>\n<p>Abdelhamid Ait Boudlal<br \/>\nStade Rennais (France)<\/p>\n<p><\/a><br \/>\n\t\t\t\t\t\tAbdelhamid Ait Boudlal<\/p>\n<p>Defender<br \/>\n\t16 apr. 2006<br \/>\n\tInternational Marocain<\/p>\n<p><a href=\"\"><\/p>\n<p><img decoding=\"async\" src=\"https:\/\/trivelasportsmanagement.com\/wp-content\/uploads\/2025\/11\/Abdelahed_Wahib.jpg\" \/><\/p>\n<p>Abdelhawed Wahib<br \/>\nValenciennes (France)<\/p>\n<p><\/a><br \/>\n\t\t\t\t\t\tAbdelhawed Wahib<\/p>\n<p>Defender<br \/>\n\t27 jan. 2000<\/p>\n<p><a href=\"\"><\/p>\n<p><img decoding=\"async\" src=\"https:\/\/trivelasportsmanagement.com\/wp-content\/uploads\/2025\/11\/Yassine_Khalifi.jpg\" \/><\/p>\n<p>Yassine Khalifi<br \/>\n Sporting de Charleroi (Chareloi)<\/p>\n<p><\/a><br \/>\n\t\t\t\t\t\tYassine Khalifi<\/p>\n<p>Midfielder<br \/>\n\t9 aug. 2005<\/p>\n<p><a href=\"\"><\/p>\n<p><img decoding=\"async\" src=\"https:\/\/trivelasportsmanagement.com\/wp-content\/uploads\/2024\/12\/Essadak.jpg\" \/><\/p>\n<p>Hossam Essadak<br \/>\nUnion Touarga Sportif (Morocco)<\/p>\n<p><\/a><br \/>\n\t\t\t\t\t\tHossam Essadak<\/p>\n<p>Forward<br \/>\n\t30 july 2005<\/p>\n<p><a href=\"\"><\/p>\n<p><img decoding=\"async\" src=\"https:\/\/trivelasportsmanagement.com\/wp-content\/uploads\/2024\/11\/JeanGrillot.jpg\" \/><\/p>\n<p>Jean Grillot<br \/>\nBordeaux (France)<\/p>\n<p><\/a><br \/>\n\t\t\t\t\t\tJean Grillot<\/p>\n<p>Midfielder<br \/>\n\t20 nov. 2005<\/p>\n<p><a href=\"\"><\/p>\n<p><img decoding=\"async\" src=\"https:\/\/trivelasportsmanagement.com\/wp-content\/uploads\/2024\/11\/Koutoun.jpg\" \/><\/p>\n<p>Hamza Koutoune<br \/>\nAcad\u00e9mie Mohammed VI (Morocco)<\/p>\n<p><\/a><br \/>\n\t\t\t\t\t\tHamza Koutoune<\/p>\n<p>Defender<br \/>\n\t17 sept. 2006<\/p>\n<p><a href=\"\"><\/p>\n<p><img decoding=\"async\" src=\"https:\/\/trivelasportsmanagement.com\/wp-content\/uploads\/2024\/12\/Habri.jpg\" \/><\/p>\n<p>Issa Habri<br \/>\nStade Rennais (France)<\/p>\n<p><\/a><br \/>\n\t\t\t\t\t\tIssa Habri<\/p>\n<p>Defender<br \/>\n\t6 jan. 2006<\/p>\n<p><a href=\"\"><\/p>\n<p><img decoding=\"async\" src=\"https:\/\/trivelasportsmanagement.com\/wp-content\/uploads\/2024\/12\/Lepage.jpg\" \/><\/p>\n<p>No\u00e9 Le Page<br \/>\nStade Rennais (France)<\/p>\n<p><\/a><br \/>\n\t\t\t\t\t\tNo\u00e9 Le Page<\/p>\n<p>Goalkeeper<br \/>\n\t28 oct. 2008<\/p>\n<p><a href=\"\"><\/p>\n<p><img decoding=\"async\" src=\"https:\/\/trivelasportsmanagement.com\/wp-content\/uploads\/2024\/12\/essahel.jpg\" \/><\/p>\n<p>Mohamed Amine Essahel<br \/>\nUnion Sport Touarga (Morocco)<\/p>\n<p><\/a><br \/>\n\t\t\t\t\t\tMohamed Amine Essahel<\/p>\n<p>Midfielder<br \/>\n\t17 feb. 2003<\/p>\n<p><a href=\"\"><\/p>\n<p><img decoding=\"async\" src=\"https:\/\/trivelasportsmanagement.com\/wp-content\/uploads\/2024\/12\/Yacine.jpg\" \/><\/p>\n<p>Yacine Ahjaou<br \/>\nStade Briochin (France)<\/p>\n<p><\/a><br \/>\n\t\t\t\t\t\tYacine Ahjaou<\/p>\n<p>Midfielder<br \/>\n\t28 oct. 2004<\/p>\n<p>Contact Us<br \/>\ncontact@trivelasportsmanagement.com<\/p>","protected":false},"excerpt":{"rendered":"<p class=\"excerpt\">ACCOMPAGNEZ DES HOMMES Des servicesvari\u00e9sL&rsquo;agence accompagne les joueurs mais surtout les hommes De belleshistoiresL&rsquo;agence accompagne de nombreux jeunes souhaitant r\u00e9aliser leur r\u00eave Les hommesavant toutL&rsquo;agence accompagne les joueurs dans diff\u00e9rents projets tels que les \u00e9tudes. Qui sommes nous? Accompagner des joueurs mais surtout des hommes Fond\u00e9e en 2017 par Isma\u00efll Mouline, agent licenci\u00e9 FFF &amp; [&hellip;]<\/p>","protected":false},"author":1,"featured_media":0,"parent":0,"menu_order":0,"comment_status":"closed","ping_status":"closed","template":"builder.php","meta":{"footnotes":""},"class_list":["post-189","page","type-page","status-publish","hentry"],"_links":{"self":[{"href":"https:\/\/trivelasportsmanagement.com\/en\/wp-json\/wp\/v2\/pages\/189","targetHints":{"allow":["GET"]}}],"collection":[{"href":"https:\/\/trivelasportsmanagement.com\/en\/wp-json\/wp\/v2\/pages"}],"about":[{"href":"https:\/\/trivelasportsmanagement.com\/en\/wp-json\/wp\/v2\/types\/page"}],"author":[{"embeddable":true,"href":"https:\/\/trivelasportsmanagement.com\/en\/wp-json\/wp\/v2\/users\/1"}],"replies":[{"embeddable":true,"href":"https:\/\/trivelasportsmanagement.com\/en\/wp-json\/wp\/v2\/comments?post=189"}],"version-history":[{"count":94,"href":"https:\/\/trivelasportsmanagement.com\/en\/wp-json\/wp\/v2\/pages\/189\/revisions"}],"predecessor-version":[{"id":454,"href":"https:\/\/trivelasportsmanagement.com\/en\/wp-json\/wp\/v2\/pages\/189\/revisions\/454"}],"wp:attachment":[{"href":"https:\/\/trivelasportsmanagement.com\/en\/wp-json\/wp\/v2\/media?parent=189"}],"curies":[{"name":"wp","href":"https:\/\/api.w.org\/{rel}","templated":true}]}}